{"id":35,"date":"2016-02-02T16:41:22","date_gmt":"2016-02-02T16:41:22","guid":{"rendered":"http:\/\/bluemusicvalencia.com\/Academiademusica\/?page_id=35"},"modified":"2024-08-12T23:43:28","modified_gmt":"2024-08-12T21:43:28","slug":"academia-de-musica-y-tienda-de-instrumentos-musicales-bluemusic","status":"publish","type":"page","link":"https:\/\/bluemusicvalencia.com\/Academiademusica\/","title":{"rendered":"Academia de Musica y Tienda de Instrumentos Musicales Bluemusic en Valencia"},"content":{"rendered":"\n<h2 class=\"wp-block-heading\">Clases de Guitarra, Piano, Canto, Bajo y Curso de DJAcademia de m\u00fasica &#8211; Bluemusic<\/h2>\n\n\n\n<figure class=\"wp-block-image size-large is-resized\"><img loading=\"lazy\" decoding=\"async\" width=\"1024\" height=\"682\" src=\"https:\/\/i0.wp.com\/bluemusicvalencia.com\/Academiademusica\/wp-content\/uploads\/2024\/08\/piano.jpg?resize=1024%2C682&#038;ssl=1\" alt=\"\" class=\"wp-image-1343\" style=\"object-fit:cover;width:838px;height:200px\" srcset=\"https:\/\/i0.wp.com\/bluemusicvalencia.com\/Academiademusica\/wp-content\/uploads\/2024\/08\/piano.jpg?resize=1024%2C682&amp;ssl=1 1024w, https:\/\/i0.wp.com\/bluemusicvalencia.com\/Academiademusica\/wp-content\/uploads\/2024\/08\/piano.jpg?resize=300%2C200&amp;ssl=1 300w, https:\/\/i0.wp.com\/bluemusicvalencia.com\/Academiademusica\/wp-content\/uploads\/2024\/08\/piano.jpg?resize=768%2C512&amp;ssl=1 768w, https:\/\/i0.wp.com\/bluemusicvalencia.com\/Academiademusica\/wp-content\/uploads\/2024\/08\/piano.jpg?w=1280&amp;ssl=1 1280w\" sizes=\"auto, (max-width: 1024px) 100vw, 1024px\" data-recalc-dims=\"1\" \/><\/figure>\n\n\n\n<h2 class=\"wp-block-heading\"><strong>Academia de M\u00fasica y Tienda de Instrumentos Musicales Bluemusic en Valencia<\/strong><\/h2>\n\n\n\n<p><strong>Academia de m\u00fasica y tienda de instrumentos musicales Bluemusic<\/strong> es tu destino ideal en Valencia para aprender y equiparte con lo mejor en instrumentos musicales. Ofrecemos una amplia gama de clases, incluyendo guitarra, piano, canto, bater\u00eda, bajo y cursos de DJ, adaptadas a todos los niveles, desde principiantes hasta avanzados.<\/p>\n\n\n\n<p>En <strong>Bluemusic<\/strong>, no solo te brindamos la oportunidad de mejorar tus habilidades musicales, sino que tambi\u00e9n te proporcionamos acceso a una tienda de instrumentos musicales bien surtida. Ya sea que necesites una guitarra, un piano, una bater\u00eda, un micr\u00f3fono para tus clases de canto, o equipos de DJ, en nuestra tienda encontrar\u00e1s todo lo que necesitas para complementar tu aprendizaje.<\/p>\n\n\n\n<h2 class=\"wp-block-heading\">Clases de Guitarra, Piano, Canto, Bater\u00eda y M\u00e1s en Bluemusic<\/h2>\n\n\n\n<p>Nuestras <strong>clases de guitarra<\/strong> en Valencia est\u00e1n dise\u00f1adas para todos los niveles. Si prefieres el piano, nuestras <strong>clases de piano<\/strong> combinan la teor\u00eda y la pr\u00e1ctica para un aprendizaje integral. Adem\u00e1s, ofrecemos <strong>clases de canto<\/strong> que te ayudar\u00e1n a desarrollar tu voz \u00fanica y <strong>clases de bajo<\/strong> que te permitir\u00e1n dominar este instrumento clave en cualquier banda. Para quienes disfrutan del ritmo, nuestras <strong>clases de bater\u00eda<\/strong> son ideales para aprender desde los fundamentos hasta t\u00e9cnicas avanzadas.<\/p>\n\n\n\n<p>Por otro lado, nuestro <strong>curso de DJ<\/strong> es perfecto para quienes desean incursionar en el mundo de la m\u00fasica electr\u00f3nica. Todo esto lo ofrecemos en nuestra <strong>academia de m\u00fasica y tienda de instrumentos musicales en Valencia<\/strong>, donde encontrar\u00e1s un entorno ideal para tu desarrollo musical.<\/p>\n\n\n\n<h3 class=\"wp-block-heading\">Bluemusic: Tu Academia de M\u00fasica en Valencia<\/h3>\n\n\n\n<p>Vis\u00edtanos en <strong>Bluemusic<\/strong>, la <strong>academia de m\u00fasica y tienda de instrumentos musicales en Valencia<\/strong> donde la educaci\u00f3n musical y la mejor selecci\u00f3n de instrumentos se unen para ofrecerte una experiencia completa. Ya sea que quieras aprender a tocar un instrumento o necesites equiparte con lo mejor del mercado, Bluemusic es tu mejor opci\u00f3n en Valencia.<\/p>\n\n\n\n<p>Si tienes cualquier consulta no dudes en contactar con nosotros:<\/p>\n\n\n\n<p><\/p>\n\n\n\n<p>Tel\u00e9fono: 96 072 34 96<\/p>\n\n\n\n<p>M\u00f3vil: 622 59 60 61<\/p>\n\n\n\n<p>Email: info@bluemusicvalencia.com<\/p>\n\n\n\n<p>Si tienes cualquier consulta puedes contactar con nosotros por whatsapp:<\/p>\n\n\n\n<div class=\"wp-block-jetpack-send-a-message\">\n<div class=\"wp-block-jetpack-whatsapp-button aligncenter is-color-dark\"><a class=\"whatsapp-block__button\" href=\"https:\/\/api.whatsapp.com\/send?phone=34622596061&amp;text=Hola%2C%20tengo%20tu%20informaci%C3%B3n%20de%20WhatsApp%20de%20tu%20web.\" style=\"background-color:#25D366;color:#fff\" target=\"_self\" rel=\"noopener noreferrer\">Chat en WhatsApp<\/a><\/div>\n<\/div>\n\n\n\n<div class=\"wp-block-buttons is-layout-flex wp-block-buttons-is-layout-flex\">\n<div class=\"wp-block-button aligncenter\"><a class=\"wp-block-button__link wp-element-button\" href=\"https:\/\/bluemusicvalencia.com\/Academiademusica\/\" target=\"_blank\" rel=\"noreferrer noopener\">Inicio<\/a><\/div>\n<\/div>\n","protected":false},"excerpt":{"rendered":"<p>Clases de Guitarra, Piano, Canto, Bajo y Curso de DJAcademia de m\u00fasica &#8211; Bluemusic Academia de M\u00fasica y Tienda de Instrumentos Musicales Bluemusic en Valencia Academia de m\u00fasica y tienda de instrumentos musicales Bluemusic es tu destino ideal en Valencia para aprender y equiparte con lo mejor en instrumentos musicales. Ofrecemos una amplia gama de clases, incluyendo guitarra, piano, canto, bater\u00eda, bajo y cursos de [&hellip;]<\/p>\n","protected":false},"author":4,"featured_media":0,"parent":0,"menu_order":0,"comment_status":"closed","ping_status":"closed","template":"","meta":{"_monsterinsights_skip_tracking":false,"_monsterinsights_sitenote_active":false,"_monsterinsights_sitenote_note":"","_monsterinsights_sitenote_category":0,"footnotes":""},"class_list":["post-35","page","type-page","status-publish","hentry"],"yoast_head":"<!-- This site is optimized with the Yoast SEO plugin v23.4 - https:\/\/yoast.com\/wordpress\/plugins\/seo\/ -->\n<title>Academia de musica y tienda de instrumentos Bluemusic<\/title>\n<meta name=\"description\" content=\"Academia de musica y tienda de instrumentos musicales Bluemusic. Clases de guitarra, piano, canto, bater\u00eda, bajo y curso de DJ.\" \/>\n<meta name=\"robots\" content=\"index, follow, max-snippet:-1, max-image-preview:large, max-video-preview:-1\" \/>\n<link rel=\"canonical\" href=\"https:\/\/bluemusicvalencia.com\/Academiademusica\/\" \/>\n<meta property=\"og:locale\" content=\"es_ES\" \/>\n<meta property=\"og:type\" content=\"article\" \/>\n<meta property=\"og:title\" content=\"Academia de musica y tienda de instrumentos Bluemusic\" \/>\n<meta property=\"og:description\" content=\"Academia de musica y tienda de instrumentos musicales Bluemusic. Clases de guitarra, piano, canto, bater\u00eda, bajo y curso de DJ.\" \/>\n<meta property=\"og:url\" content=\"https:\/\/bluemusicvalencia.com\/Academiademusica\/\" \/>\n<meta property=\"og:site_name\" content=\"Bluemusic Valencia\" \/>\n<meta property=\"article:publisher\" content=\"https:\/\/www.facebook.com\/Bluemusicface\" \/>\n<meta property=\"article:modified_time\" content=\"2024-08-12T21:43:28+00:00\" \/>\n<meta property=\"og:image\" content=\"https:\/\/bluemusicvalencia.com\/Academiademusica\/wp-content\/uploads\/2024\/08\/piano-1024x682.jpg\" \/>\n<meta name=\"twitter:card\" content=\"summary_large_image\" \/>\n<meta name=\"twitter:site\" content=\"@bluemusicval\" \/>\n<meta name=\"twitter:label1\" content=\"Tiempo de lectura\" \/>\n\t<meta name=\"twitter:data1\" content=\"2 minutos\" \/>\n<script type=\"application\/ld+json\" class=\"yoast-schema-graph\">{\"@context\":\"https:\/\/schema.org\",\"@graph\":[{\"@type\":\"WebPage\",\"@id\":\"https:\/\/bluemusicvalencia.com\/Academiademusica\/\",\"url\":\"https:\/\/bluemusicvalencia.com\/Academiademusica\/\",\"name\":\"Academia de musica y tienda de instrumentos Bluemusic\",\"isPartOf\":{\"@id\":\"https:\/\/bluemusicvalencia.com\/Academiademusica\/#website\"},\"primaryImageOfPage\":{\"@id\":\"https:\/\/bluemusicvalencia.com\/Academiademusica\/#primaryimage\"},\"image\":{\"@id\":\"https:\/\/bluemusicvalencia.com\/Academiademusica\/#primaryimage\"},\"thumbnailUrl\":\"https:\/\/bluemusicvalencia.com\/Academiademusica\/wp-content\/uploads\/2024\/08\/piano-1024x682.jpg\",\"datePublished\":\"2016-02-02T16:41:22+00:00\",\"dateModified\":\"2024-08-12T21:43:28+00:00\",\"description\":\"Academia de musica y tienda de instrumentos musicales Bluemusic. Clases de guitarra, piano, canto, bater\u00eda, bajo y curso de DJ.\",\"breadcrumb\":{\"@id\":\"https:\/\/bluemusicvalencia.com\/Academiademusica\/#breadcrumb\"},\"inLanguage\":\"es\",\"potentialAction\":[{\"@type\":\"ReadAction\",\"target\":[\"https:\/\/bluemusicvalencia.com\/Academiademusica\/\"]}]},{\"@type\":\"ImageObject\",\"inLanguage\":\"es\",\"@id\":\"https:\/\/bluemusicvalencia.com\/Academiademusica\/#primaryimage\",\"url\":\"https:\/\/i0.wp.com\/bluemusicvalencia.com\/Academiademusica\/wp-content\/uploads\/2024\/08\/piano.jpg?fit=1280%2C853&ssl=1\",\"contentUrl\":\"https:\/\/i0.wp.com\/bluemusicvalencia.com\/Academiademusica\/wp-content\/uploads\/2024\/08\/piano.jpg?fit=1280%2C853&ssl=1\",\"width\":1280,\"height\":853,\"caption\":\"Imagen de las teclas de un piano\"},{\"@type\":\"BreadcrumbList\",\"@id\":\"https:\/\/bluemusicvalencia.com\/Academiademusica\/#breadcrumb\",\"itemListElement\":[{\"@type\":\"ListItem\",\"position\":1,\"name\":\"Portada\",\"item\":\"https:\/\/bluemusicvalencia.com\/Academiademusica\/\"},{\"@type\":\"ListItem\",\"position\":2,\"name\":\"Academia de Musica y Tienda de Instrumentos Musicales Bluemusic en Valencia\"}]},{\"@type\":\"WebSite\",\"@id\":\"https:\/\/bluemusicvalencia.com\/Academiademusica\/#website\",\"url\":\"https:\/\/bluemusicvalencia.com\/Academiademusica\/\",\"name\":\"Bluemusic Valencia\",\"description\":\"Academia de m\u00fasica situada en Paterna, Valencia.\",\"publisher\":{\"@id\":\"https:\/\/bluemusicvalencia.com\/Academiademusica\/#organization\"},\"potentialAction\":[{\"@type\":\"SearchAction\",\"target\":{\"@type\":\"EntryPoint\",\"urlTemplate\":\"https:\/\/bluemusicvalencia.com\/Academiademusica\/?s={search_term_string}\"},\"query-input\":{\"@type\":\"PropertyValueSpecification\",\"valueRequired\":true,\"valueName\":\"search_term_string\"}}],\"inLanguage\":\"es\"},{\"@type\":\"Organization\",\"@id\":\"https:\/\/bluemusicvalencia.com\/Academiademusica\/#organization\",\"name\":\"Bluemusic Valencia\",\"url\":\"https:\/\/bluemusicvalencia.com\/Academiademusica\/\",\"logo\":{\"@type\":\"ImageObject\",\"inLanguage\":\"es\",\"@id\":\"https:\/\/bluemusicvalencia.com\/Academiademusica\/#\/schema\/logo\/image\/\",\"url\":\"https:\/\/i0.wp.com\/bluemusicvalencia.com\/Academiademusica\/wp-content\/uploads\/2024\/05\/cropped-Logo-web-bluemusic-academia.png?fit=165%2C45&ssl=1\",\"contentUrl\":\"https:\/\/i0.wp.com\/bluemusicvalencia.com\/Academiademusica\/wp-content\/uploads\/2024\/05\/cropped-Logo-web-bluemusic-academia.png?fit=165%2C45&ssl=1\",\"width\":165,\"height\":45,\"caption\":\"Bluemusic Valencia\"},\"image\":{\"@id\":\"https:\/\/bluemusicvalencia.com\/Academiademusica\/#\/schema\/logo\/image\/\"},\"sameAs\":[\"https:\/\/www.facebook.com\/Bluemusicface\",\"https:\/\/x.com\/bluemusicval\"]}]}<\/script>\n<!-- \/ Yoast SEO plugin. -->","yoast_head_json":{"title":"Academia de musica y tienda de instrumentos Bluemusic","description":"Academia de musica y tienda de instrumentos musicales Bluemusic. Clases de guitarra, piano, canto, bater\u00eda, bajo y curso de DJ.","robots":{"index":"index","follow":"follow","max-snippet":"max-snippet:-1","max-image-preview":"max-image-preview:large","max-video-preview":"max-video-preview:-1"},"canonical":"https:\/\/bluemusicvalencia.com\/Academiademusica\/","og_locale":"es_ES","og_type":"article","og_title":"Academia de musica y tienda de instrumentos Bluemusic","og_description":"Academia de musica y tienda de instrumentos musicales Bluemusic. Clases de guitarra, piano, canto, bater\u00eda, bajo y curso de DJ.","og_url":"https:\/\/bluemusicvalencia.com\/Academiademusica\/","og_site_name":"Bluemusic Valencia","article_publisher":"https:\/\/www.facebook.com\/Bluemusicface","article_modified_time":"2024-08-12T21:43:28+00:00","og_image":[{"url":"https:\/\/bluemusicvalencia.com\/Academiademusica\/wp-content\/uploads\/2024\/08\/piano-1024x682.jpg"}],"twitter_card":"summary_large_image","twitter_site":"@bluemusicval","twitter_misc":{"Tiempo de lectura":"2 minutos"},"schema":{"@context":"https:\/\/schema.org","@graph":[{"@type":"WebPage","@id":"https:\/\/bluemusicvalencia.com\/Academiademusica\/","url":"https:\/\/bluemusicvalencia.com\/Academiademusica\/","name":"Academia de musica y tienda de instrumentos Bluemusic","isPartOf":{"@id":"https:\/\/bluemusicvalencia.com\/Academiademusica\/#website"},"primaryImageOfPage":{"@id":"https:\/\/bluemusicvalencia.com\/Academiademusica\/#primaryimage"},"image":{"@id":"https:\/\/bluemusicvalencia.com\/Academiademusica\/#primaryimage"},"thumbnailUrl":"https:\/\/bluemusicvalencia.com\/Academiademusica\/wp-content\/uploads\/2024\/08\/piano-1024x682.jpg","datePublished":"2016-02-02T16:41:22+00:00","dateModified":"2024-08-12T21:43:28+00:00","description":"Academia de musica y tienda de instrumentos musicales Bluemusic. Clases de guitarra, piano, canto, bater\u00eda, bajo y curso de DJ.","breadcrumb":{"@id":"https:\/\/bluemusicvalencia.com\/Academiademusica\/#breadcrumb"},"inLanguage":"es","potentialAction":[{"@type":"ReadAction","target":["https:\/\/bluemusicvalencia.com\/Academiademusica\/"]}]},{"@type":"ImageObject","inLanguage":"es","@id":"https:\/\/bluemusicvalencia.com\/Academiademusica\/#primaryimage","url":"https:\/\/i0.wp.com\/bluemusicvalencia.com\/Academiademusica\/wp-content\/uploads\/2024\/08\/piano.jpg?fit=1280%2C853&ssl=1","contentUrl":"https:\/\/i0.wp.com\/bluemusicvalencia.com\/Academiademusica\/wp-content\/uploads\/2024\/08\/piano.jpg?fit=1280%2C853&ssl=1","width":1280,"height":853,"caption":"Imagen de las teclas de un piano"},{"@type":"BreadcrumbList","@id":"https:\/\/bluemusicvalencia.com\/Academiademusica\/#breadcrumb","itemListElement":[{"@type":"ListItem","position":1,"name":"Portada","item":"https:\/\/bluemusicvalencia.com\/Academiademusica\/"},{"@type":"ListItem","position":2,"name":"Academia de Musica y Tienda de Instrumentos Musicales Bluemusic en Valencia"}]},{"@type":"WebSite","@id":"https:\/\/bluemusicvalencia.com\/Academiademusica\/#website","url":"https:\/\/bluemusicvalencia.com\/Academiademusica\/","name":"Bluemusic Valencia","description":"Academia de m\u00fasica situada en Paterna, Valencia.","publisher":{"@id":"https:\/\/bluemusicvalencia.com\/Academiademusica\/#organization"},"potentialAction":[{"@type":"SearchAction","target":{"@type":"EntryPoint","urlTemplate":"https:\/\/bluemusicvalencia.com\/Academiademusica\/?s={search_term_string}"},"query-input":{"@type":"PropertyValueSpecification","valueRequired":true,"valueName":"search_term_string"}}],"inLanguage":"es"},{"@type":"Organization","@id":"https:\/\/bluemusicvalencia.com\/Academiademusica\/#organization","name":"Bluemusic Valencia","url":"https:\/\/bluemusicvalencia.com\/Academiademusica\/","logo":{"@type":"ImageObject","inLanguage":"es","@id":"https:\/\/bluemusicvalencia.com\/Academiademusica\/#\/schema\/logo\/image\/","url":"https:\/\/i0.wp.com\/bluemusicvalencia.com\/Academiademusica\/wp-content\/uploads\/2024\/05\/cropped-Logo-web-bluemusic-academia.png?fit=165%2C45&ssl=1","contentUrl":"https:\/\/i0.wp.com\/bluemusicvalencia.com\/Academiademusica\/wp-content\/uploads\/2024\/05\/cropped-Logo-web-bluemusic-academia.png?fit=165%2C45&ssl=1","width":165,"height":45,"caption":"Bluemusic Valencia"},"image":{"@id":"https:\/\/bluemusicvalencia.com\/Academiademusica\/#\/schema\/logo\/image\/"},"sameAs":["https:\/\/www.facebook.com\/Bluemusicface","https:\/\/x.com\/bluemusicval"]}]}},"jetpack_sharing_enabled":true,"_links":{"self":[{"href":"https:\/\/bluemusicvalencia.com\/Academiademusica\/wp-json\/wp\/v2\/pages\/35","targetHints":{"allow":["GET"]}}],"collection":[{"href":"https:\/\/bluemusicvalencia.com\/Academiademusica\/wp-json\/wp\/v2\/pages"}],"about":[{"href":"https:\/\/bluemusicvalencia.com\/Academiademusica\/wp-json\/wp\/v2\/types\/page"}],"author":[{"embeddable":true,"href":"https:\/\/bluemusicvalencia.com\/Academiademusica\/wp-json\/wp\/v2\/users\/4"}],"replies":[{"embeddable":true,"href":"https:\/\/bluemusicvalencia.com\/Academiademusica\/wp-json\/wp\/v2\/comments?post=35"}],"version-history":[{"count":7,"href":"https:\/\/bluemusicvalencia.com\/Academiademusica\/wp-json\/wp\/v2\/pages\/35\/revisions"}],"predecessor-version":[{"id":1348,"href":"https:\/\/bluemusicvalencia.com\/Academiademusica\/wp-json\/wp\/v2\/pages\/35\/revisions\/1348"}],"wp:attachment":[{"href":"https:\/\/bluemusicvalencia.com\/Academiademusica\/wp-json\/wp\/v2\/media?parent=35"}],"curies":[{"name":"wp","href":"https:\/\/api.w.org\/{rel}","templated":true}]}}